{"id":11502,"date":"2019-03-21T15:20:48","date_gmt":"2019-03-21T20:20:48","guid":{"rendered":"https:\/\/iegibraltar.edu.co\/web\/?page_id=11502"},"modified":"2021-09-23T07:40:18","modified_gmt":"2021-09-23T12:40:18","slug":"nuestro-colegio","status":"publish","type":"page","link":"https:\/\/iegibraltar.edu.co\/web\/nuestro-colegio\/","title":{"rendered":"Nuestro Colegio"},"content":{"rendered":"<div class=\"wpb-content-wrapper\"><p>[vc_row][vc_column]<div class=\"thim-widget-heading template-base\"><div class=\"sc_heading  text-center\"><h3 style=\"font-size:35px;font-weight:600;\" class=\"title\">Informaci\u00f3n <strong>Institucional<\/strong><\/h3><\/div><\/div>[\/vc_column][\/vc_row][vc_row css=\u00bb.vc_custom_1559531433775{margin-bottom: 15px !important;}\u00bb][vc_column width=\u00bb1\/2&#8243; css=\u00bb.vc_custom_1563227968780{margin-bottom: 30px !important;}\u00bb][vc_column_text]<\/p>\n<h3 class=\"thim-text-title\">Misi\u00f3n<\/h3>\n<p>La Instituci\u00f3n Educativa Gibraltar tiene como misi\u00f3n ofrecer servicios educativos en los niveles Preescolar, B\u00e1sica primaria, B\u00e1sica secundaria y Media T\u00e9cnica con el fin de contribuir a la formaci\u00f3n integral de la comunidad educativa, brindando espacios que le permitan al estudiante desarrollarse en el \u00e1mbito personal y social, orientando sus habilidades, capacidades y atendiendo sus necesidades educativas especiales. Formando l\u00edderes innovadores en ciencia y tecnolog\u00eda en el sector agropecuario, guiados por el principio de la excelencia, en un contexto de calidad para apoyar el desarrollo sostenible y contribuir con una mayor productividad a trav\u00e9s de la investigaci\u00f3n y modernizaci\u00f3n de la regi\u00f3n del Sarare con el uso de nuevas tecnolog\u00edas, especialmente las de informaci\u00f3n y comunicaci\u00f3n.[\/vc_column_text][\/vc_column][vc_column width=\u00bb1\/2&#8243; css=\u00bb.vc_custom_1563227961828{margin-bottom: 30px !important;}\u00bb][vc_column_text]<\/p>\n<h3 class=\"thim-text-title\">Visi\u00f3n<\/h3>\n<p>La IE Gibraltar, aportar\u00e1 el personal t\u00e9cnico en el sector agropecuario, l\u00edderes emprendedores con esp\u00edritu de superaci\u00f3n, compromiso social y vocaci\u00f3n de servicio. Se pretende que la instituci\u00f3n sea la base fundamental para el fortalecimiento del entorno como modelo y beneficio de la comunidad, siendo pioneros en producci\u00f3n a trav\u00e9s de la investigaci\u00f3n y proyecci\u00f3n de tecnolog\u00eda en lo local, regional y nacional.[\/vc_column_text][\/vc_column][\/vc_row][vc_row][vc_column][vc_tta_tabs][vc_tta_section title=\u00bbOBJETIVOS Y VALORES\u00bb tab_id=\u00bb1553201553639-a4a157b2-0618&#8243;][vc_column_text]De acuerdo a unos documentos encontrados en los archivos, el Colegio fue creado por decreto Nacional N\u00b0 2499 de Diciembre 5 de 1.973 mediante el art\u00edculo 35 como Colegio Departamental Integrado de Gibraltar, funcion\u00f3 en el local donde actualmente se presta el servicio de Hogar Infantil; en este periodo figura como rector el se\u00f1or JUAN JOS\u00c9 SALAZAR. Seg\u00fan testimonio de personas de la comunidad el plantel educativo fue cerrado en el a\u00f1o 1.982 por falta de alumnos, en esa \u00e9poca se desempe\u00f1aba como rector el se\u00f1or JORGE AVILIO MORA.<\/p>\n<div id=\"synved-tabs-1-0\" class=\"tab-body ui-tabs-panel ui-widget-content ui-corner-bottom synved-tab-title-resena-historica\" role=\"tabpanel\" aria-labelledby=\"ui-id-1\" aria-hidden=\"false\">\n<p>En el a\u00f1o 1.987 se crea nuevamente mediante ordenanza N\u00b0 15 del 3 de Diciembre, con el nombre de Colegio Departamental Integrado Gibraltar, iniciando a prestar sus servicios a partir de 1.988 bajo la direcci\u00f3n de la se\u00f1ora RAQUEL RINC\u00d3N MILL\u00c1N, y la sede era donde actualmente est\u00e1n ubicado el barrio nuevo, vivienda de la familia Gamboa Garc\u00eda.<\/p>\n<p>Complet\u00f3 el ciclo de b\u00e1sica secundaria sin la correspondiente acta de iniciaci\u00f3n de labores ni aprobaci\u00f3n de estudios ya que no se cont\u00f3 con la comisi\u00f3n de supervisi\u00f3n para la asesor\u00eda y aprobaci\u00f3n necesaria.<\/p>\n<p>En el a\u00f1o 1.991 funciona en la sede de la antigua inspecci\u00f3n de polic\u00eda; en este momento ejerce como rector el se\u00f1or ALFREDO OCHOA BASTIDAS quien gestion\u00f3 el cambio de modalidad de Acad\u00e9mico a Agropecuario iniciando con grado 6\u00b0 a partir de 1.992 modific\u00e1ndose su raz\u00f3n social a Colegio Agr\u00edcola Departamental Gibraltar, en este a\u00f1o se cont\u00f3 con la visita de una comisi\u00f3n de supervisores conformada por los licenciados Luis Sa\u00fal Carrillo G\u00e9lvez, Luis Lirio Z\u00fa\u00f1iga Casta\u00f1eda y Luis Fernando Parada Caicedo; dando aprobaci\u00f3n al grado sexto hasta 1.994 mediante resoluci\u00f3n N\u00b0 001471 del 24 de noviembre de 1.992 al igual que la licencia para iniciaci\u00f3n de labores del grado s\u00e9ptimo mediante resoluci\u00f3n N\u00b0 001525 del 24 de noviembre de 1.992, a partir de 1.993. En el a\u00f1o 1993 asume el cargo de rector el licenciado MANUEL HUMBERTO RAM\u00d3N SU\u00c1REZ; nuevamente se cont\u00f3 con la presencia de la comisi\u00f3n de supervisores integrada por Jos\u00e9 \u00c1lvaro Lizcano S\u00e1nchez, jefe de la unidad pedag\u00f3gica, \u00c1lvaro Santos P\u00e9rez y Francisco Monsalve Rivera; quienes dieron aprobaci\u00f3n al grado sexto y s\u00e9ptimo mediante resoluci\u00f3n N\u00b0 001073 del 26 de octubre de 1.993 y se concede licencia para iniciar labores del grado octavo, a partir de 1994, seg\u00fan resoluci\u00f3n N\u00b0 001551 del 21 de Diciembre de 1.993.<\/p>\n<p>A trav\u00e9s de una comisi\u00f3n de supervisores de Educaci\u00f3n, la Secretar\u00eda de Educaci\u00f3n concede la aprobaci\u00f3n de los grados sexto a noveno hasta el a\u00f1o 2.000, seg\u00fan resoluci\u00f3n 002333 de diciembre 12 de 1.995.<\/p>\n<p>En noviembre de 1.997 se solicita a la Secretar\u00eda de Educaci\u00f3n una visita de supervisores con el fin de autorizar la apertura del Grado D\u00e9cimo, esta comisi\u00f3n integrada por los supervisores Carlos Hern\u00e1ndez y Jes\u00fas Carrillo en noviembre de 1998 emiten concepto favorable de reconocimiento de car\u00e1cter oficial al colegio y dan el visto bueno para iniciar con grado 11. Mediante Resoluci\u00f3n N\u00ba 00538 del 18 de Marzo de 1999, se autoriza ofrecer el servicio de educaci\u00f3n formal en la media t\u00e9cnica, grado 10 con proyecci\u00f3n al grado 11. Se hace reconocimiento de car\u00e1cter oficial al colegio, es decir se aprueba el grado 10 de la media t\u00e9cnica y se autoriza ofrecer el servicio de educaci\u00f3n formal en la media t\u00e9cnica grado 11.<\/p>\n<p>A partir de 1.998 asume la rector\u00eda el Licenciado. CIRO ALBERTO PERALTA GALVIS.<\/p>\n<p>En noviembre 27 de 1998, la comisi\u00f3n de la Secretar\u00eda de educaci\u00f3n integrada por los supervisores Jes\u00fas Carrillo y Carlos Hern\u00e1ndez emite concepto favorable desde el punto de vista t\u00e9cnico pedag\u00f3gico respecto al P.E.I de la Unidad B\u00e1sica e igualmente autoriza la apertura de grado once.<\/p>\n<p>En 1999 se grad\u00faa la primera promoci\u00f3n de bachilleres t\u00e9cnicos de la instituci\u00f3n.<\/p>\n<p>En Marzo 26 de 2002 seg\u00fan resoluci\u00f3n N\u00ba 001068 se concede licencia de funcionamiento y autorizaci\u00f3n para otorgar el T\u00edtulo de Bachiller T\u00e9cnico con especialidad Agr\u00edcola y Pecuario a quienes cumplan los requisitos, bajo la direcci\u00f3n del Licenciado CIRO ALBERTO PERALTA GALVIS. En este momento recibe el nombre de Instituci\u00f3n Educativa Colegio Gibraltar seg\u00fan decreto de fusi\u00f3n 0880 del 30 de septiembre de 2002.<br \/>\nA partir del a\u00f1o 2002 asume la rector\u00eda por Adscripci\u00f3n de funciones el Licenciado ALFREDO OCHOA BASTIDAS, seg\u00fan resoluci\u00f3n N\u00ba 00812 del 01 de Abril de 2002, qui\u00e9n present\u00f3 la renuncia a su cargo en agosto del mismo a\u00f1o.<\/p>\n<p>En septiembre de 2002 asume la rector\u00eda de la instituci\u00f3n el Licenciado MANUEL HUMBERTO RAM\u00d3N SU\u00c1REZ, con adscripci\u00f3n de funciones seg\u00fan resoluci\u00f3n N\u00ba 000726 del 10 de Septiembre de 2002.<\/p>\n<p>En noviembre 27 de 2003 seg\u00fan resoluci\u00f3n N\u00ba 004563 se concede licencia de funcionamiento y autorizaci\u00f3n para otorgar el T\u00edtulo de Bachiller T\u00e9cnico con especialidad Agropecuaria (Piscicultura) con el SENA por el a\u00f1o 2003, a quienes cumplan los requisitos, bajo la direcci\u00f3n del Licenciado MANUEL HUMBERTO RAM\u00d3N SUAREZ.<\/p>\n<p>En el a\u00f1o 2004 asume como Rector de la Instituci\u00f3n Educativa el Licenciado MANUEL VICENTE BECERRA ANGARITA, por encargo otorgado por el Jefe del N\u00facleo N\u00ba 45 por medio de Certificaci\u00f3n con fecha de junio 11 de 2004 y ratificado por la secretaria de Educaci\u00f3n mediante resoluci\u00f3n No. 000706 24 de Agosto de 2004.<\/p>\n<p>En Noviembre de 2006 se concede Licencia de Funcionamiento y autorizaci\u00f3n para otorgar T\u00edtulo de Bachiller T\u00e9cnico con Especialidad en Trabajador Agr\u00edcola, a quienes cumplan los requisitos, mediante Resoluci\u00f3n N\u00ba 001723 del 10\/11\/2006, bajo la direcci\u00f3n del Licenciado MANUEL VICENTE BECERRA ANGARITA.<\/p>\n<p>En agosto del a\u00f1o 2010 bajo el decreto 000365 del 11 de agosto de 2010, asume como rector de la Instituci\u00f3n el Ingeniero Agr\u00f3nomo GERMAN PAEZ FRANCO.<\/p>\n<p>En Agosto de 2011 toma la rector\u00eda el licenciado BELISARIO ORTEGA JAIMES, quien estuvo al frente hasta Febrero de 2012.<\/p>\n<p>En febrero de 2012 asume la rector\u00eda el Licenciado ELISAIN MERCH\u00c1N MAR\u00cdN, quien se desempe\u00f1\u00f3 en el cargo hasta septiembre del mismo a\u00f1o<\/p>\n<p>El 26 de septiembre de 2012 por adscripci\u00f3n de funciones asume el cargo de la rector\u00eda el esp. ALFREDO OCHOA BASTIDAS, a quien luego le es cambiado el acto administrativo de nombramiento a Encargo seg\u00fan Decreto 00060 del 01 de Febrero de 2013 hasta la fecha.<br \/>\nMediante decreto 0880 de sep. 30 de 2002 se dio la fusi\u00f3n de 10 sedes; La Escuela La Colonia de Gibraltar y 09 sedes rurales.<br \/>\nEn la actualidad la instituci\u00f3n cuenta con 9 sedes (Santa Marta I, Santa Marta II, Alto Horizonte, Cubug\u00f3n, California, Margua, Porvenir, San Pablo, Pedraza; Cerrada temporalmente), 331 estudiantes (241 sede principal y 90 en las sedes rurales), 23 docentes: 6 regidos por el estatuto docente decreto 1278; 7 por decreto el 2277, y 11 con nombramiento provisional; un directivo docente encargado y un administrativo del nivel t\u00e9cnico.<\/p>\n<\/div>\n<p>[\/vc_column_text][\/vc_tta_section][vc_tta_section title=\u00bbPRINCIPIOS INSTITUCIONALES\u00bb tab_id=\u00bb1553201553661-4cb8a9a4-11b5&#8243;][vc_column_text]Los estudiantes de la Instituci\u00f3n Educativa Gibraltar reciben una educaci\u00f3n que garantiza el pleno desarrollo de la personalidad, dentro de un proceso de formaci\u00f3n integral. Teniendo en cuenta los siguientes principios:<\/p>\n<p>-Inclusi\u00f3n.<\/p>\n<p>-Tolerancia y respeto por el otro.<\/p>\n<p>-Participaci\u00f3n democr\u00e1tica.<\/p>\n<p>-Actitud solidaria y comprometida de todos los actores de la instituci\u00f3n.<\/p>\n<p>-Sentido de pertenencia de la comunidad educativa.<\/p>\n<p>-Organizaci\u00f3n institucional.<\/p>\n<p>-Buen clima institucional.<\/p>\n<p>-Buen nivel acad\u00e9mico.<\/p>\n<p>-Buen trabajo interdisciplinario.<\/p>\n<p>-Reconocimiento del trabajo docente y alumnado (asistencia, proyectos, capacitaci\u00f3n, voluntad, etc.).<\/p>\n<p>-Responsabilidad compartida (docentes, alumnos, padres, sociedad).<\/p>\n<p>Los docentes de la Instituci\u00f3n Educativa Gibraltar imparten una educaci\u00f3n que garantiza un proceso de formaci\u00f3n integral. Teniendo en cuenta los siguientes principios:<\/p>\n<p>-Sentido de pertenencia.<\/p>\n<p>-Ense\u00f1ar a pensar, proponer y argumentar.<\/p>\n<p>-Leer cr\u00edticamente.<\/p>\n<p>-Respetar la diversidad y la heterogeneidad de los alumnos.<\/p>\n<p>-Ense\u00f1ar a aprender y a investigar.<\/p>\n<p>-Trabajar la producci\u00f3n del pensamiento y no la transmisi\u00f3n de conocimientos.<\/p>\n<p>-Rescatar el valor de los saberes previos.[\/vc_column_text][\/vc_tta_section][vc_tta_section title=\u00bbPOL\u00cdTICA Y OBJETIVOS DE CALIDAD\u00bb tab_id=\u00bb1553202116208-8d028f78-28a5&#8243;][vc_column_text]<\/p>\n<h3 class=\"thim-text-title\">Pol\u00edtica de Calidad<\/h3>\n<p>La Instituci\u00f3n Ovy&#8230;<\/p>\n<h3 class=\"thim-text-title\">Objetivos de Calidad<\/h3>\n<ul class=\"thim-list-content\">\n<li>Requisitos y necesidades de los usuarios<\/li>\n<\/ul>\n<p>[\/vc_column_text][\/vc_tta_section][vc_tta_section title=\u00bbENFOQUE PEDAG\u00d3GICO\u00bb tab_id=\u00bb1553203450656-a52e943b-1e54&#8243;][vc_column_text]<\/p>\n<h3 class=\"thim-text-title\">Enfoque Pedag\u00f3gico<\/h3>\n<p>El enfoque pedag\u00f3gic&#8230;[\/vc_column_text][\/vc_tta_section][\/vc_tta_tabs][\/vc_column][\/vc_row][vc_row][vc_column]<div class=\"thim-widget-heading template-base\"><div class=\"sc_heading  text-center\"><h3 class=\"title\">S\u00edmbolos <strong>Institucionales<\/strong><\/h3><\/div><\/div>[vc_row_inner][vc_column_inner width=\u00bb1\/2&#8243;][vc_column_text]<\/p>\n<h3 class=\"thim-text-title\">Bandera<\/h3>\n<p><img decoding=\"async\" class=\"alignleft\" src=\"https:\/\/iegibraltar.edu.co\/web\/wp-content\/uploads\/2019\/07\/BANDERA.png\" \/>En el a\u00f1o de 1996, naci\u00f3 la idea de los alumnos; para ese entonces cursaban el grado Octavo en cuya menci\u00f3n son: MAGALY BASTOS RUBIO, MARIELA BECERRA, YUDITH CONTRERAS,\u00a0 MAGOLA ESTEVEZ, OLGA GARC\u00cdA,\u00a0 CARLOS JAVIER JAIMES, SANDRA PATRICIA MACHUCA Y JOS\u00c9 ANGEL RINCONADA, con la direcci\u00f3n y asesor\u00eda del profesor MANUEL VICENTE BECERRA ANGARITA, quien ten\u00eda a su cargo el \u00e1rea de las Ciencias Sociales.<\/p>\n<p>En el a\u00f1o de 1997, se consolid\u00f3 haciendo la muestra de material pl\u00e1stico, utilizando los colores de m\u00e1s intensidad, siendo definido su tama\u00f1o. En el a\u00f1o 1999 fue donada en tela por la primera promoci\u00f3n de bachilleres.[\/vc_column_text][\/vc_column_inner][vc_column_inner width=\u00bb1\/2&#8243;][vc_column_text]<\/p>\n<h3 class=\"thim-text-title\">Escudo<\/h3>\n<p><img loading=\"lazy\" decoding=\"async\" class=\"alignleft\" src=\"https:\/\/iegibraltar.edu.co\/web\/wp-content\/uploads\/2019\/07\/escudo.png\" width=\"227\" height=\"227\" \/>El modelo del escudo es acorde con la modalidad\u00a0 Agropecuarias de la Instituci\u00f3n. Fue dise\u00f1ado en el A\u00d1O 1992 con la ayuda del t\u00e9cnico Agropecuario JESUS ALFREDO SIERRA CONTRERAS, que en esa \u00e9poca era el docente del \u00e1rea de Agr\u00edcolas en nuestra instituci\u00f3n; con la\u00a0 colaboraci\u00f3n de los alumnos del\u00a0 plantel se intent\u00f3 dar colorido,\u00a0 lo cual no se logr\u00f3. Se retom\u00f3 en el\u00a0 a\u00f1o (2000) mediante un concurso hecho con la participaci\u00f3n de todos los grados logr\u00e1ndose as\u00ed definir el color del escudo.[\/vc_column_text][\/vc_column_inner][\/vc_row_inner][\/vc_column][\/vc_row][vc_row full_width=\u00bbstretch_row_content_no_spaces\u00bb css=\u00bb.vc_custom_1563228298507{background-color: #fce3e6 !important;}\u00bb][vc_column][vc_row_inner][vc_column_inner]<div class=\"thim-widget-heading template-base\"><div class=\"sc_heading  text-center\"><h3 class=\"title\"><strong>Himno<\/strong> Institucional<\/h3><span class=\"line\"><\/span><\/div><\/div>[\/vc_column_inner][\/vc_row_inner][vc_row_inner][vc_column_inner width=\u00bb1\/3&#8243;]<div class=\"thim-widget-heading template-base\"><div class=\"sc_heading  text-center\"><h3 class=\"title\">CORO<\/h3><span class=\"line\"><\/span><\/div><\/div>[vc_column_text]<\/p>\n<div style=\"text-align: center;\">Somos hijos de este Colegio<br \/>\nDonde la ciencia y la dignidad<br \/>\nNos mantienen siempre dispuestos<br \/>\nEn procura de la integridad.<\/div>\n<p>[\/vc_column_text][\/vc_column_inner][vc_column_inner width=\u00bb1\/3&#8243;]<div class=\"thim-widget-heading template-base\"><div class=\"sc_heading  text-center\"><h3 class=\"title\">I<\/h3><span class=\"line\"><\/span><\/div><\/div>[vc_column_text]<\/p>\n<div style=\"text-align: center;\">Adelante! Ser\u00e1 nuestro grito,<br \/>\nA la cima tendremos que llegar,<br \/>\nLa sapiencia es virtud de los grandes<br \/>\nY ser grandes es nuestro ideal.<br \/>\nForjaremos nuestros esfuerzos,<br \/>\nEntusiasmo y dedicaci\u00f3n<br \/>\nPermitiendo estar siempre dispuestos<br \/>\nA la vida una gran misi\u00f3n.<\/div>\n<p>[\/vc_column_text]<div class=\"thim-widget-heading template-base\"><div class=\"sc_heading  text-center\"><h3 class=\"title\">III<\/h3><span class=\"line\"><\/span><\/div><\/div>[vc_column_text]<\/p>\n<div style=\"text-align: center;\">En el campo la verde esperanza,<br \/>\nEs el agro nuestra misi\u00f3n,<br \/>\nEmprendamos unidos la empresa<br \/>\nCon trabajo arraigado y valor.<br \/>\nEl ganado, cultivos y aves,<br \/>\nSon los frutos de nuestro rigor,<br \/>\nSus especies \u00a1OH! Noble Colegio<br \/>\nCultivamos con fe y con amor\u2026<\/div>\n<p>[\/vc_column_text][\/vc_column_inner][vc_column_inner width=\u00bb1\/3&#8243;]<div class=\"thim-widget-heading template-base\"><div class=\"sc_heading  text-center\"><h3 class=\"title\">II<\/h3><span class=\"line\"><\/span><\/div><\/div>[vc_column_text]<\/p>\n<div style=\"text-align: center;\">Como hijos, llevaremos todo,<br \/>\nLa cultura, el amor y el trabajar,<br \/>\nLa conciencia impregnada en nuestro pecho,<br \/>\nY la ciencia como herencia ideal.<br \/>\nLucharemos contra el ego\u00edsmo,<br \/>\nLa negligencia y la opresi\u00f3n,<br \/>\nA la guerra que es nuestro azote,<br \/>\nDe Colombia, nuestra Naci\u00f3n<\/div>\n<p>[\/vc_column_text][\/vc_column_inner][\/vc_row_inner][\/vc_column][\/vc_row]<\/p>\n<\/div>","protected":false},"excerpt":{"rendered":"<p>[vc_row][vc_column][\/vc_column][\/vc_row][vc_row css=\u00bb.vc_custom_1559531433775{margin-bottom: 15px !important;}\u00bb][vc_column width=\u00bb1\/2&#8243; css=\u00bb.vc_custom_1563227968780{margin-bottom: 30px !important;}\u00bb][vc_column_text] Misi\u00f3n La Instituci\u00f3n Educativa Gibraltar tiene como misi\u00f3n ofrecer servicios educativos en los niveles Preescolar, B\u00e1sica primaria, B\u00e1sica secundaria y Media T\u00e9cnica con el fin de contribuir a la formaci\u00f3n integral de &hellip; <\/p>\n","protected":false},"author":1,"featured_media":0,"parent":0,"menu_order":0,"comment_status":"closed","ping_status":"closed","template":"","meta":{"footnotes":""},"class_list":["post-11502","page","type-page","status-publish","hentry"],"_links":{"self":[{"href":"https:\/\/iegibraltar.edu.co\/web\/wp-json\/wp\/v2\/pages\/11502","targetHints":{"allow":["GET"]}}],"collection":[{"href":"https:\/\/iegibraltar.edu.co\/web\/wp-json\/wp\/v2\/pages"}],"about":[{"href":"https:\/\/iegibraltar.edu.co\/web\/wp-json\/wp\/v2\/types\/page"}],"author":[{"embeddable":true,"href":"https:\/\/iegibraltar.edu.co\/web\/wp-json\/wp\/v2\/users\/1"}],"replies":[{"embeddable":true,"href":"https:\/\/iegibraltar.edu.co\/web\/wp-json\/wp\/v2\/comments?post=11502"}],"version-history":[{"count":4,"href":"https:\/\/iegibraltar.edu.co\/web\/wp-json\/wp\/v2\/pages\/11502\/revisions"}],"predecessor-version":[{"id":11800,"href":"https:\/\/iegibraltar.edu.co\/web\/wp-json\/wp\/v2\/pages\/11502\/revisions\/11800"}],"wp:attachment":[{"href":"https:\/\/iegibraltar.edu.co\/web\/wp-json\/wp\/v2\/media?parent=11502"}],"curies":[{"name":"wp","href":"https:\/\/api.w.org\/{rel}","templated":true}]}}